{"id":4973,"date":"2023-06-02T11:48:13","date_gmt":"2023-06-02T09:48:13","guid":{"rendered":"https:\/\/joannearchibald.com\/contact\/"},"modified":"2023-07-06T12:14:48","modified_gmt":"2023-07-06T10:14:48","slug":"contact","status":"publish","type":"page","link":"https:\/\/joannearchibald.com\/fr\/contact\/","title":{"rendered":"Contact"},"content":{"rendered":"\t\t<div data-elementor-type=\"wp-page\" data-elementor-id=\"4973\" class=\"elementor elementor-4973 elementor-3004\" data-elementor-post-type=\"page\">\n\t\t\t\t\t\t<section class=\"elementor-section elementor-top-section elementor-element elementor-element-e02a229 elementor-section-height-min-height elementor-section-boxed elementor-section-height-default elementor-section-items-middle\" data-id=\"e02a229\" data-element_type=\"section\" data-settings=\"{&quot;background_background&quot;:&quot;classic&quot;,&quot;shape_divider_bottom&quot;:&quot;pyramids&quot;}\">\n\t\t\t\t\t\t\t<div class=\"elementor-background-overlay\"><\/div>\n\t\t\t\t\t\t<div class=\"elementor-shape elementor-shape-bottom\" aria-hidden=\"true\" data-negative=\"false\">\n\t\t\t<svg xmlns=\"http:\/\/www.w3.org\/2000\/svg\" viewBox=\"0 0 1000 100\" preserveAspectRatio=\"none\">\n\t<path class=\"elementor-shape-fill\" d=\"M761.9,44.1L643.1,27.2L333.8,98L0,3.8V0l1000,0v3.9\"\/>\n<\/svg>\t\t<\/div>\n\t\t\t\t\t<div class=\"elementor-container elementor-column-gap-default\">\n\t\t\t\t\t<div class=\"elementor-column elementor-col-100 elementor-top-column elementor-element elementor-element-2c5549c\" data-id=\"2c5549c\" data-element_type=\"column\">\n\t\t\t<div class=\"elementor-widget-wrap elementor-element-populated\">\n\t\t\t\t\t\t<div class=\"elementor-element elementor-element-a67aab1 elementor-widget elementor-widget-heading\" data-id=\"a67aab1\" data-element_type=\"widget\" data-widget_type=\"heading.default\">\n\t\t\t\t<div class=\"elementor-widget-container\">\n\t\t\t\t\t<h1 class=\"elementor-heading-title elementor-size-default\">Contactez-moi<br> pour en savoir plus\nsur le soutien <br>que je peux vous apporter<\/h1>\t\t\t\t<\/div>\n\t\t\t\t<\/div>\n\t\t\t\t\t<\/div>\n\t\t<\/div>\n\t\t\t\t\t<\/div>\n\t\t<\/section>\n\t\t\t\t<section class=\"elementor-section elementor-top-section elementor-element elementor-element-fe07bf4 elementor-section-boxed elementor-section-height-default elementor-section-height-default\" data-id=\"fe07bf4\" data-element_type=\"section\" data-settings=\"{&quot;background_background&quot;:&quot;classic&quot;}\">\n\t\t\t\t\t\t<div class=\"elementor-container elementor-column-gap-default\">\n\t\t\t\t\t<div class=\"elementor-column elementor-col-50 elementor-top-column elementor-element elementor-element-f7ecde6\" data-id=\"f7ecde6\" data-element_type=\"column\" data-settings=\"{&quot;background_background&quot;:&quot;classic&quot;}\">\n\t\t\t<div class=\"elementor-widget-wrap elementor-element-populated\">\n\t\t\t\t\t\t<div class=\"elementor-element elementor-element-7b0bc3a elementor-widget elementor-widget-heading\" data-id=\"7b0bc3a\" data-element_type=\"widget\" data-widget_type=\"heading.default\">\n\t\t\t\t<div class=\"elementor-widget-container\">\n\t\t\t\t\t<h2 class=\"elementor-heading-title elementor-size-default\">N\u2019h\u00e9sitez pas \u00e0 me contacter<\/h2>\t\t\t\t<\/div>\n\t\t\t\t<\/div>\n\t\t\t\t<div class=\"elementor-element elementor-element-1771bd2 elementor-button-align-start elementor-widget elementor-widget-form\" data-id=\"1771bd2\" data-element_type=\"widget\" data-settings=\"{&quot;step_next_label&quot;:&quot;Suivant&quot;,&quot;step_previous_label&quot;:&quot;Pr\\u00e9c\\u00e9dent&quot;,&quot;button_width&quot;:&quot;100&quot;,&quot;step_type&quot;:&quot;number_text&quot;,&quot;step_icon_shape&quot;:&quot;circle&quot;}\" data-widget_type=\"form.default\">\n\t\t\t\t<div class=\"elementor-widget-container\">\n\t\t\t\t\t\t\t<form class=\"elementor-form\" method=\"post\" name=\"Nouveau formulaire\" aria-label=\"Nouveau formulaire\">\n\t\t\t<input type=\"hidden\" name=\"post_id\" value=\"4973\"\/>\n\t\t\t<input type=\"hidden\" name=\"form_id\" value=\"1771bd2\"\/>\n\t\t\t<input type=\"hidden\" name=\"referer_title\" value=\"Contact - Joanne Archibald | Coaching\" \/>\n\n\t\t\t\t\t\t\t<input type=\"hidden\" name=\"queried_id\" value=\"4973\"\/>\n\t\t\t\n\t\t\t<div class=\"elementor-form-fields-wrapper elementor-labels-\">\n\t\t\t\t\t\t\t\t<div class=\"elementor-field-type-text elementor-field-group elementor-column elementor-field-group-name elementor-col-100\">\n\t\t\t\t\t\t\t\t\t\t\t\t<label for=\"form-field-name\" class=\"elementor-field-label elementor-screen-only\">\n\t\t\t\t\t\t\t\tNom\t\t\t\t\t\t\t<\/label>\n\t\t\t\t\t\t\t\t\t\t\t\t\t\t<input size=\"1\" type=\"text\" name=\"form_fields[name]\" id=\"form-field-name\" class=\"elementor-field elementor-size-sm  elementor-field-textual\" placeholder=\"Nom\">\n\t\t\t\t\t\t\t\t\t\t\t<\/div>\n\t\t\t\t\t\t\t\t<div class=\"elementor-field-type-email elementor-field-group elementor-column elementor-field-group-email elementor-col-100 elementor-field-required\">\n\t\t\t\t\t\t\t\t\t\t\t\t<label for=\"form-field-email\" class=\"elementor-field-label elementor-screen-only\">\n\t\t\t\t\t\t\t\tCourrier \u00e9lectronique\t\t\t\t\t\t\t<\/label>\n\t\t\t\t\t\t\t\t\t\t\t\t\t\t<input size=\"1\" type=\"email\" name=\"form_fields[email]\" id=\"form-field-email\" class=\"elementor-field elementor-size-sm  elementor-field-textual\" placeholder=\"Courrier \u00e9lectronique\" required=\"required\">\n\t\t\t\t\t\t\t\t\t\t\t<\/div>\n\t\t\t\t\t\t\t\t<div class=\"elementor-field-type-tel elementor-field-group elementor-column elementor-field-group-field_e78b5d7 elementor-col-50\">\n\t\t\t\t\t\t\t\t\t\t\t\t<label for=\"form-field-field_e78b5d7\" class=\"elementor-field-label elementor-screen-only\">\n\t\t\t\t\t\t\t\tNum\u00e9ro de t\u00e9l\u00e9phone\t\t\t\t\t\t\t<\/label>\n\t\t\t\t\t\t\t\t<input size=\"1\" type=\"tel\" name=\"form_fields[field_e78b5d7]\" id=\"form-field-field_e78b5d7\" class=\"elementor-field elementor-size-sm  elementor-field-textual\" placeholder=\"Num\u00e9ro de t\u00e9l\u00e9phone\" pattern=\"[0-9()#&amp;+*-=.]+\" title=\"Seuls les caract\u00e8res de num\u00e9ros de t\u00e9l\u00e9phone (#, -, *, etc.) sont accept\u00e9s.\">\n\n\t\t\t\t\t\t<\/div>\n\t\t\t\t\t\t\t\t<div class=\"elementor-field-type-text elementor-field-group elementor-column elementor-field-group-field_83c0bb8 elementor-col-50\">\n\t\t\t\t\t\t\t\t\t\t\t\t<label for=\"form-field-field_83c0bb8\" class=\"elementor-field-label elementor-screen-only\">\n\t\t\t\t\t\t\t\tSujet\t\t\t\t\t\t\t<\/label>\n\t\t\t\t\t\t\t\t\t\t\t\t\t\t<input size=\"1\" type=\"text\" name=\"form_fields[field_83c0bb8]\" id=\"form-field-field_83c0bb8\" class=\"elementor-field elementor-size-sm  elementor-field-textual\" placeholder=\"Sujet\">\n\t\t\t\t\t\t\t\t\t\t\t<\/div>\n\t\t\t\t\t\t\t\t<div class=\"elementor-field-type-textarea elementor-field-group elementor-column elementor-field-group-message elementor-col-100\">\n\t\t\t\t\t\t\t\t\t\t\t\t<label for=\"form-field-message\" class=\"elementor-field-label elementor-screen-only\">\n\t\t\t\t\t\t\t\tMessage\t\t\t\t\t\t\t<\/label>\n\t\t\t\t\t\t<textarea class=\"elementor-field-textual elementor-field  elementor-size-sm\" name=\"form_fields[message]\" id=\"form-field-message\" rows=\"4\" placeholder=\"Message\"><\/textarea>\t\t\t\t<\/div>\n\t\t\t\t\t\t\t\t<div class=\"elementor-field-group elementor-column elementor-field-type-submit elementor-col-100 e-form__buttons\">\n\t\t\t\t\t<button class=\"elementor-button elementor-size-sm\" type=\"submit\">\n\t\t\t\t\t\t<span class=\"elementor-button-content-wrapper\">\n\t\t\t\t\t\t\t\t\t\t\t\t\t\t\t\t\t\t\t\t\t\t<span class=\"elementor-button-text\">Envoyer un message<\/span>\n\t\t\t\t\t\t\t\t\t\t\t\t\t<\/span>\n\t\t\t\t\t<\/button>\n\t\t\t\t<\/div>\n\t\t\t<\/div>\n\t\t<\/form>\n\t\t\t\t\t\t<\/div>\n\t\t\t\t<\/div>\n\t\t\t\t<div class=\"elementor-element elementor-element-3374142 elementor-icon-list--layout-traditional elementor-list-item-link-full_width elementor-widget elementor-widget-icon-list\" data-id=\"3374142\" data-element_type=\"widget\" data-widget_type=\"icon-list.default\">\n\t\t\t\t<div class=\"elementor-widget-container\">\n\t\t\t\t\t\t\t<ul class=\"elementor-icon-list-items\">\n\t\t\t\t\t\t\t<li class=\"elementor-icon-list-item\">\n\t\t\t\t\t\t\t\t\t\t\t<span class=\"elementor-icon-list-icon\">\n\t\t\t\t\t\t\t<i aria-hidden=\"true\" class=\"fas fa-envelope\"><\/i>\t\t\t\t\t\t<\/span>\n\t\t\t\t\t\t\t\t\t\t<span class=\"elementor-icon-list-text\">coaching@joannearchibald.com<\/span>\n\t\t\t\t\t\t\t\t\t<\/li>\n\t\t\t\t\t\t\t\t<li class=\"elementor-icon-list-item\">\n\t\t\t\t\t\t\t\t\t\t\t<span class=\"elementor-icon-list-icon\">\n\t\t\t\t\t\t\t<i aria-hidden=\"true\" class=\"fas fa-phone-alt\"><\/i>\t\t\t\t\t\t<\/span>\n\t\t\t\t\t\t\t\t\t\t<span class=\"elementor-icon-list-text\">00 33 6 88 63 87 30<\/span>\n\t\t\t\t\t\t\t\t\t<\/li>\n\t\t\t\t\t\t<\/ul>\n\t\t\t\t\t\t<\/div>\n\t\t\t\t<\/div>\n\t\t\t\t\t<\/div>\n\t\t<\/div>\n\t\t\t\t<div class=\"elementor-column elementor-col-50 elementor-top-column elementor-element elementor-element-1219e97\" data-id=\"1219e97\" data-element_type=\"column\">\n\t\t\t<div class=\"elementor-widget-wrap elementor-element-populated\">\n\t\t\t\t\t\t<div class=\"elementor-element elementor-element-c0cc805 elementor-widget elementor-widget-image\" data-id=\"c0cc805\" data-element_type=\"widget\" data-widget_type=\"image.default\">\n\t\t\t\t<div class=\"elementor-widget-container\">\n\t\t\t\t\t\t\t\t\t\t\t\t\t\t\t<img fetchpriority=\"high\" decoding=\"async\" width=\"800\" height=\"534\" src=\"https:\/\/joannearchibald.com\/wp-content\/uploads\/2023\/04\/thought-catalog-505eectW54k-unsplash-1024x683.jpg\" class=\"attachment-large size-large wp-image-4974\" alt=\"\" srcset=\"https:\/\/joannearchibald.com\/wp-content\/uploads\/2023\/04\/thought-catalog-505eectW54k-unsplash-1024x683.jpg 1024w, https:\/\/joannearchibald.com\/wp-content\/uploads\/2023\/04\/thought-catalog-505eectW54k-unsplash-300x200.jpg 300w, https:\/\/joannearchibald.com\/wp-content\/uploads\/2023\/04\/thought-catalog-505eectW54k-unsplash-150x100.jpg 150w, https:\/\/joannearchibald.com\/wp-content\/uploads\/2023\/04\/thought-catalog-505eectW54k-unsplash-768x512.jpg 768w, https:\/\/joannearchibald.com\/wp-content\/uploads\/2023\/04\/thought-catalog-505eectW54k-unsplash-1536x1024.jpg 1536w, https:\/\/joannearchibald.com\/wp-content\/uploads\/2023\/04\/thought-catalog-505eectW54k-unsplash-2048x1365.jpg 2048w, https:\/\/joannearchibald.com\/wp-content\/uploads\/2023\/04\/thought-catalog-505eectW54k-unsplash-1320x880.jpg 1320w\" sizes=\"(max-width: 800px) 100vw, 800px\" \/>\t\t\t\t\t\t\t\t\t\t\t\t\t\t\t<\/div>\n\t\t\t\t<\/div>\n\t\t\t\t\t<\/div>\n\t\t<\/div>\n\t\t\t\t\t<\/div>\n\t\t<\/section>\n\t\t\t\t<section class=\"elementor-section elementor-top-section elementor-element elementor-element-da7c62c elementor-reverse-mobile elementor-section-boxed elementor-section-height-default elementor-section-height-default\" data-id=\"da7c62c\" data-element_type=\"section\" data-settings=\"{&quot;background_background&quot;:&quot;classic&quot;}\">\n\t\t\t\t\t\t<div class=\"elementor-container elementor-column-gap-default\">\n\t\t\t\t\t<div class=\"elementor-column elementor-col-50 elementor-top-column elementor-element elementor-element-dc9dc21\" data-id=\"dc9dc21\" data-element_type=\"column\" data-settings=\"{&quot;background_background&quot;:&quot;classic&quot;}\">\n\t\t\t<div class=\"elementor-widget-wrap elementor-element-populated\">\n\t\t\t\t\t\t<div class=\"elementor-element elementor-element-878bdf8 elementor-widget elementor-widget-image\" data-id=\"878bdf8\" data-element_type=\"widget\" data-widget_type=\"image.default\">\n\t\t\t\t<div class=\"elementor-widget-container\">\n\t\t\t\t\t\t\t\t\t\t\t\t\t\t\t<img decoding=\"async\" width=\"800\" height=\"533\" src=\"https:\/\/joannearchibald.com\/wp-content\/uploads\/2022\/11\/JoanneArchibald-76-1024x682.jpg\" class=\"attachment-large size-large wp-image-2615\" alt=\"\" srcset=\"https:\/\/joannearchibald.com\/wp-content\/uploads\/2022\/11\/JoanneArchibald-76-1024x682.jpg 1024w, https:\/\/joannearchibald.com\/wp-content\/uploads\/2022\/11\/JoanneArchibald-76-300x200.jpg 300w, https:\/\/joannearchibald.com\/wp-content\/uploads\/2022\/11\/JoanneArchibald-76-150x100.jpg 150w, https:\/\/joannearchibald.com\/wp-content\/uploads\/2022\/11\/JoanneArchibald-76-768x512.jpg 768w, https:\/\/joannearchibald.com\/wp-content\/uploads\/2022\/11\/JoanneArchibald-76-1536x1024.jpg 1536w, https:\/\/joannearchibald.com\/wp-content\/uploads\/2022\/11\/JoanneArchibald-76-1080x720.jpg 1080w, https:\/\/joannearchibald.com\/wp-content\/uploads\/2022\/11\/JoanneArchibald-76-1280x853.jpg 1280w, https:\/\/joannearchibald.com\/wp-content\/uploads\/2022\/11\/JoanneArchibald-76-980x653.jpg 980w, https:\/\/joannearchibald.com\/wp-content\/uploads\/2022\/11\/JoanneArchibald-76-480x320.jpg 480w, https:\/\/joannearchibald.com\/wp-content\/uploads\/2022\/11\/JoanneArchibald-76-1320x880.jpg 1320w, https:\/\/joannearchibald.com\/wp-content\/uploads\/2022\/11\/JoanneArchibald-76.jpg 2000w\" sizes=\"(max-width: 800px) 100vw, 800px\" \/>\t\t\t\t\t\t\t\t\t\t\t\t\t\t\t<\/div>\n\t\t\t\t<\/div>\n\t\t\t\t\t<\/div>\n\t\t<\/div>\n\t\t\t\t<div class=\"elementor-column elementor-col-50 elementor-top-column elementor-element elementor-element-7e43e95\" data-id=\"7e43e95\" data-element_type=\"column\">\n\t\t\t<div class=\"elementor-widget-wrap elementor-element-populated\">\n\t\t\t\t\t\t<div class=\"elementor-element elementor-element-358cba9 elementor-widget elementor-widget-text-editor\" data-id=\"358cba9\" data-element_type=\"widget\" data-widget_type=\"text-editor.default\">\n\t\t\t\t<div class=\"elementor-widget-container\">\n\t\t\t\t\t\t\t\t\t<p>\u00ab\u00a0Travailler avec Joanne a \u00e9t\u00e9 une exp\u00e9rience fantastique, car elle m\u2019a vraiment aid\u00e9e \u00e0 r\u00e9fl\u00e9chir \u00e0 d\u2019importantes d\u00e9cisions que j\u2019ai d\u00fb prendre dans ma vie. Joanne est une formidable interlocutrice. \u00c0 chaque session, elle a toujours su poser les bonnes questions pour d\u00e9clencher une r\u00e9flexion. J\u2019ai eu le sentiment d\u2019\u00eatre \u00e9cout\u00e9e et j\u2019ai pu mettre en pratique les conseils donn\u00e9s. Exactement ce dont j\u2019avais besoin !\u00a0\u00bb<\/p>\t\t\t\t\t\t\t\t<\/div>\n\t\t\t\t<\/div>\n\t\t\t\t\t<\/div>\n\t\t<\/div>\n\t\t\t\t\t<\/div>\n\t\t<\/section>\n\t\t\t\t<\/div>\n\t\t","protected":false},"excerpt":{"rendered":"<p>Contactez-moi pour en savoir plus sur le soutien que je peux vous apporter N\u2019h\u00e9sitez pas \u00e0 me contacter coaching@joannearchibald.com 00 33 6 88 63 87 30 \u00ab\u00a0Travailler avec Joanne a \u00e9t\u00e9 une exp\u00e9rience fantastique, car elle m\u2019a vraiment aid\u00e9e \u00e0 r\u00e9fl\u00e9chir \u00e0 d\u2019importantes d\u00e9cisions que j\u2019ai d\u00fb prendre dans ma vie. Joanne est une formidable [&hellip;]<\/p>\n","protected":false},"author":1,"featured_media":0,"parent":0,"menu_order":0,"comment_status":"closed","ping_status":"closed","template":"","meta":{"_exactmetrics_skip_tracking":false,"_exactmetrics_sitenote_active":false,"_exactmetrics_sitenote_note":"","_exactmetrics_sitenote_category":0,"footnotes":""},"class_list":["post-4973","page","type-page","status-publish","hentry"],"yoast_head":"<!-- This site is optimized with the Yoast SEO plugin v27.0 - https:\/\/yoast.com\/product\/yoast-seo-wordpress\/ -->\n<title>Contact - Joanne Archibald | Coaching<\/title>\n<meta name=\"robots\" content=\"index, follow, max-snippet:-1, max-image-preview:large, max-video-preview:-1\" \/>\n<link rel=\"canonical\" href=\"https:\/\/joannearchibald.com\/fr\/contact\/\" \/>\n<meta property=\"og:locale\" content=\"fr_FR\" \/>\n<meta property=\"og:type\" content=\"article\" \/>\n<meta property=\"og:title\" content=\"Contact - Joanne Archibald | Coaching\" \/>\n<meta property=\"og:description\" content=\"Contactez-moi pour en savoir plus sur le soutien que je peux vous apporter N\u2019h\u00e9sitez pas \u00e0 me contacter coaching@joannearchibald.com 00 33 6 88 63 87 30 \u00ab\u00a0Travailler avec Joanne a \u00e9t\u00e9 une exp\u00e9rience fantastique, car elle m\u2019a vraiment aid\u00e9e \u00e0 r\u00e9fl\u00e9chir \u00e0 d\u2019importantes d\u00e9cisions que j\u2019ai d\u00fb prendre dans ma vie. Joanne est une formidable [&hellip;]\" \/>\n<meta property=\"og:url\" content=\"https:\/\/joannearchibald.com\/fr\/contact\/\" \/>\n<meta property=\"og:site_name\" content=\"Joanne Archibald | Coaching\" \/>\n<meta property=\"article:modified_time\" content=\"2023-07-06T10:14:48+00:00\" \/>\n<meta property=\"og:image\" content=\"https:\/\/joannearchibald.com\/wp-content\/uploads\/2023\/04\/thought-catalog-505eectW54k-unsplash-1024x683.jpg\" \/>\n<meta name=\"twitter:card\" content=\"summary_large_image\" \/>\n<meta name=\"twitter:label1\" content=\"Dur\u00e9e de lecture estim\u00e9e\" \/>\n\t<meta name=\"twitter:data1\" content=\"1 minute\" \/>\n<script type=\"application\/ld+json\" class=\"yoast-schema-graph\">{\"@context\":\"https:\/\/schema.org\",\"@graph\":[{\"@type\":\"WebPage\",\"@id\":\"https:\/\/joannearchibald.com\/fr\/contact\/\",\"url\":\"https:\/\/joannearchibald.com\/fr\/contact\/\",\"name\":\"Contact - Joanne Archibald | Coaching\",\"isPartOf\":{\"@id\":\"https:\/\/joannearchibald.com\/#website\"},\"primaryImageOfPage\":{\"@id\":\"https:\/\/joannearchibald.com\/fr\/contact\/#primaryimage\"},\"image\":{\"@id\":\"https:\/\/joannearchibald.com\/fr\/contact\/#primaryimage\"},\"thumbnailUrl\":\"https:\/\/joannearchibald.com\/wp-content\/uploads\/2023\/04\/thought-catalog-505eectW54k-unsplash-1024x683.jpg\",\"datePublished\":\"2023-06-02T09:48:13+00:00\",\"dateModified\":\"2023-07-06T10:14:48+00:00\",\"breadcrumb\":{\"@id\":\"https:\/\/joannearchibald.com\/fr\/contact\/#breadcrumb\"},\"inLanguage\":\"fr-FR\",\"potentialAction\":[{\"@type\":\"ReadAction\",\"target\":[\"https:\/\/joannearchibald.com\/fr\/contact\/\"]}]},{\"@type\":\"ImageObject\",\"inLanguage\":\"fr-FR\",\"@id\":\"https:\/\/joannearchibald.com\/fr\/contact\/#primaryimage\",\"url\":\"https:\/\/joannearchibald.com\/wp-content\/uploads\/2023\/04\/thought-catalog-505eectW54k-unsplash-1024x683.jpg\",\"contentUrl\":\"https:\/\/joannearchibald.com\/wp-content\/uploads\/2023\/04\/thought-catalog-505eectW54k-unsplash-1024x683.jpg\"},{\"@type\":\"BreadcrumbList\",\"@id\":\"https:\/\/joannearchibald.com\/fr\/contact\/#breadcrumb\",\"itemListElement\":[{\"@type\":\"ListItem\",\"position\":1,\"name\":\"Accueil\",\"item\":\"https:\/\/joannearchibald.com\/\"},{\"@type\":\"ListItem\",\"position\":2,\"name\":\"Contact\"}]},{\"@type\":\"WebSite\",\"@id\":\"https:\/\/joannearchibald.com\/#website\",\"url\":\"https:\/\/joannearchibald.com\/\",\"name\":\"Joanne Archibald | Coaching\",\"description\":\"Joanne Archibald | Coaching\",\"publisher\":{\"@id\":\"https:\/\/joannearchibald.com\/#organization\"},\"potentialAction\":[{\"@type\":\"SearchAction\",\"target\":{\"@type\":\"EntryPoint\",\"urlTemplate\":\"https:\/\/joannearchibald.com\/?s={search_term_string}\"},\"query-input\":{\"@type\":\"PropertyValueSpecification\",\"valueRequired\":true,\"valueName\":\"search_term_string\"}}],\"inLanguage\":\"fr-FR\"},{\"@type\":\"Organization\",\"@id\":\"https:\/\/joannearchibald.com\/#organization\",\"name\":\"Joanne Archibald | Coaching\",\"url\":\"https:\/\/joannearchibald.com\/\",\"logo\":{\"@type\":\"ImageObject\",\"inLanguage\":\"fr-FR\",\"@id\":\"https:\/\/joannearchibald.com\/#\/schema\/logo\/image\/\",\"url\":\"https:\/\/joannearchibald.com\/wp-content\/uploads\/2023\/03\/JAC-logo.png\",\"contentUrl\":\"https:\/\/joannearchibald.com\/wp-content\/uploads\/2023\/03\/JAC-logo.png\",\"width\":2560,\"height\":641,\"caption\":\"Joanne Archibald | Coaching\"},\"image\":{\"@id\":\"https:\/\/joannearchibald.com\/#\/schema\/logo\/image\/\"}}]}<\/script>\n<!-- \/ Yoast SEO plugin. -->","yoast_head_json":{"title":"Contact - Joanne Archibald | Coaching","robots":{"index":"index","follow":"follow","max-snippet":"max-snippet:-1","max-image-preview":"max-image-preview:large","max-video-preview":"max-video-preview:-1"},"canonical":"https:\/\/joannearchibald.com\/fr\/contact\/","og_locale":"fr_FR","og_type":"article","og_title":"Contact - Joanne Archibald | Coaching","og_description":"Contactez-moi pour en savoir plus sur le soutien que je peux vous apporter N\u2019h\u00e9sitez pas \u00e0 me contacter coaching@joannearchibald.com 00 33 6 88 63 87 30 \u00ab\u00a0Travailler avec Joanne a \u00e9t\u00e9 une exp\u00e9rience fantastique, car elle m\u2019a vraiment aid\u00e9e \u00e0 r\u00e9fl\u00e9chir \u00e0 d\u2019importantes d\u00e9cisions que j\u2019ai d\u00fb prendre dans ma vie. Joanne est une formidable [&hellip;]","og_url":"https:\/\/joannearchibald.com\/fr\/contact\/","og_site_name":"Joanne Archibald | Coaching","article_modified_time":"2023-07-06T10:14:48+00:00","og_image":[{"url":"https:\/\/joannearchibald.com\/wp-content\/uploads\/2023\/04\/thought-catalog-505eectW54k-unsplash-1024x683.jpg","type":"","width":"","height":""}],"twitter_card":"summary_large_image","twitter_misc":{"Dur\u00e9e de lecture estim\u00e9e":"1 minute"},"schema":{"@context":"https:\/\/schema.org","@graph":[{"@type":"WebPage","@id":"https:\/\/joannearchibald.com\/fr\/contact\/","url":"https:\/\/joannearchibald.com\/fr\/contact\/","name":"Contact - Joanne Archibald | Coaching","isPartOf":{"@id":"https:\/\/joannearchibald.com\/#website"},"primaryImageOfPage":{"@id":"https:\/\/joannearchibald.com\/fr\/contact\/#primaryimage"},"image":{"@id":"https:\/\/joannearchibald.com\/fr\/contact\/#primaryimage"},"thumbnailUrl":"https:\/\/joannearchibald.com\/wp-content\/uploads\/2023\/04\/thought-catalog-505eectW54k-unsplash-1024x683.jpg","datePublished":"2023-06-02T09:48:13+00:00","dateModified":"2023-07-06T10:14:48+00:00","breadcrumb":{"@id":"https:\/\/joannearchibald.com\/fr\/contact\/#breadcrumb"},"inLanguage":"fr-FR","potentialAction":[{"@type":"ReadAction","target":["https:\/\/joannearchibald.com\/fr\/contact\/"]}]},{"@type":"ImageObject","inLanguage":"fr-FR","@id":"https:\/\/joannearchibald.com\/fr\/contact\/#primaryimage","url":"https:\/\/joannearchibald.com\/wp-content\/uploads\/2023\/04\/thought-catalog-505eectW54k-unsplash-1024x683.jpg","contentUrl":"https:\/\/joannearchibald.com\/wp-content\/uploads\/2023\/04\/thought-catalog-505eectW54k-unsplash-1024x683.jpg"},{"@type":"BreadcrumbList","@id":"https:\/\/joannearchibald.com\/fr\/contact\/#breadcrumb","itemListElement":[{"@type":"ListItem","position":1,"name":"Accueil","item":"https:\/\/joannearchibald.com\/"},{"@type":"ListItem","position":2,"name":"Contact"}]},{"@type":"WebSite","@id":"https:\/\/joannearchibald.com\/#website","url":"https:\/\/joannearchibald.com\/","name":"Joanne Archibald | Coaching","description":"Joanne Archibald | Coaching","publisher":{"@id":"https:\/\/joannearchibald.com\/#organization"},"potentialAction":[{"@type":"SearchAction","target":{"@type":"EntryPoint","urlTemplate":"https:\/\/joannearchibald.com\/?s={search_term_string}"},"query-input":{"@type":"PropertyValueSpecification","valueRequired":true,"valueName":"search_term_string"}}],"inLanguage":"fr-FR"},{"@type":"Organization","@id":"https:\/\/joannearchibald.com\/#organization","name":"Joanne Archibald | Coaching","url":"https:\/\/joannearchibald.com\/","logo":{"@type":"ImageObject","inLanguage":"fr-FR","@id":"https:\/\/joannearchibald.com\/#\/schema\/logo\/image\/","url":"https:\/\/joannearchibald.com\/wp-content\/uploads\/2023\/03\/JAC-logo.png","contentUrl":"https:\/\/joannearchibald.com\/wp-content\/uploads\/2023\/03\/JAC-logo.png","width":2560,"height":641,"caption":"Joanne Archibald | Coaching"},"image":{"@id":"https:\/\/joannearchibald.com\/#\/schema\/logo\/image\/"}}]}},"_links":{"self":[{"href":"https:\/\/joannearchibald.com\/fr\/wp-json\/wp\/v2\/pages\/4973","targetHints":{"allow":["GET"]}}],"collection":[{"href":"https:\/\/joannearchibald.com\/fr\/wp-json\/wp\/v2\/pages"}],"about":[{"href":"https:\/\/joannearchibald.com\/fr\/wp-json\/wp\/v2\/types\/page"}],"author":[{"embeddable":true,"href":"https:\/\/joannearchibald.com\/fr\/wp-json\/wp\/v2\/users\/1"}],"replies":[{"embeddable":true,"href":"https:\/\/joannearchibald.com\/fr\/wp-json\/wp\/v2\/comments?post=4973"}],"version-history":[{"count":3,"href":"https:\/\/joannearchibald.com\/fr\/wp-json\/wp\/v2\/pages\/4973\/revisions"}],"predecessor-version":[{"id":5193,"href":"https:\/\/joannearchibald.com\/fr\/wp-json\/wp\/v2\/pages\/4973\/revisions\/5193"}],"wp:attachment":[{"href":"https:\/\/joannearchibald.com\/fr\/wp-json\/wp\/v2\/media?parent=4973"}],"curies":[{"name":"wp","href":"https:\/\/api.w.org\/{rel}","templated":true}]}}