{"id":5017,"date":"2023-07-05T13:59:05","date_gmt":"2023-07-05T11:59:05","guid":{"rendered":"https:\/\/joannearchibald.com\/coaching-de-vie\/"},"modified":"2023-07-06T12:09:03","modified_gmt":"2023-07-06T10:09:03","slug":"coaching-de-vie","status":"publish","type":"page","link":"https:\/\/joannearchibald.com\/fr\/coaching-de-vie\/","title":{"rendered":"Coaching de vie"},"content":{"rendered":"\t\t<div data-elementor-type=\"wp-page\" data-elementor-id=\"5017\" class=\"elementor elementor-5017 elementor-3940\" data-elementor-post-type=\"page\">\n\t\t\t\t\t\t<section class=\"elementor-section elementor-top-section elementor-element elementor-element-5cd78a9d elementor-section-height-min-height elementor-section-boxed elementor-section-height-default elementor-section-items-middle\" data-id=\"5cd78a9d\" data-element_type=\"section\" data-settings=\"{&quot;background_background&quot;:&quot;classic&quot;,&quot;shape_divider_bottom&quot;:&quot;pyramids&quot;}\">\n\t\t\t\t\t\t\t<div class=\"elementor-background-overlay\"><\/div>\n\t\t\t\t\t\t<div class=\"elementor-shape elementor-shape-bottom\" aria-hidden=\"true\" data-negative=\"false\">\n\t\t\t<svg xmlns=\"http:\/\/www.w3.org\/2000\/svg\" viewBox=\"0 0 1000 100\" preserveAspectRatio=\"none\">\n\t<path class=\"elementor-shape-fill\" d=\"M761.9,44.1L643.1,27.2L333.8,98L0,3.8V0l1000,0v3.9\"\/>\n<\/svg>\t\t<\/div>\n\t\t\t\t\t<div class=\"elementor-container elementor-column-gap-default\">\n\t\t\t\t\t<div class=\"elementor-column elementor-col-100 elementor-top-column elementor-element elementor-element-780a14b5\" data-id=\"780a14b5\" data-element_type=\"column\">\n\t\t\t<div class=\"elementor-widget-wrap elementor-element-populated\">\n\t\t\t\t\t\t<div class=\"elementor-element elementor-element-210732bc elementor-widget elementor-widget-heading\" data-id=\"210732bc\" data-element_type=\"widget\" data-widget_type=\"heading.default\">\n\t\t\t\t<div class=\"elementor-widget-container\">\n\t\t\t\t\t<h1 class=\"elementor-heading-title elementor-size-default\">Construisez la vie que vous aimez.<br>Trouvez l\u2019\u00e9quilibre, l\u2019\u00e9nergie et la joie.<br>\u00c9panouissez-vous dans votre vie de parent et au travail. \n\n<\/h1>\t\t\t\t<\/div>\n\t\t\t\t<\/div>\n\t\t\t\t\t<\/div>\n\t\t<\/div>\n\t\t\t\t\t<\/div>\n\t\t<\/section>\n\t\t\t\t<section class=\"elementor-section elementor-top-section elementor-element elementor-element-4923846c elementor-reverse-mobile elementor-section-boxed elementor-section-height-default elementor-section-height-default\" data-id=\"4923846c\" data-element_type=\"section\" data-settings=\"{&quot;background_background&quot;:&quot;classic&quot;}\">\n\t\t\t\t\t\t<div class=\"elementor-container elementor-column-gap-default\">\n\t\t\t\t\t<div class=\"elementor-column elementor-col-50 elementor-top-column elementor-element elementor-element-2c8e7073\" data-id=\"2c8e7073\" data-element_type=\"column\">\n\t\t\t<div class=\"elementor-widget-wrap elementor-element-populated\">\n\t\t\t\t\t\t<div class=\"elementor-element elementor-element-7f3738fd elementor-widget elementor-widget-image\" data-id=\"7f3738fd\" data-element_type=\"widget\" data-settings=\"{&quot;motion_fx_motion_fx_scrolling&quot;:&quot;yes&quot;,&quot;motion_fx_translateY_effect&quot;:&quot;yes&quot;,&quot;motion_fx_translateY_direction&quot;:&quot;negative&quot;,&quot;motion_fx_translateY_affectedRange&quot;:{&quot;unit&quot;:&quot;%&quot;,&quot;size&quot;:&quot;&quot;,&quot;sizes&quot;:{&quot;start&quot;:50,&quot;end&quot;:100}},&quot;motion_fx_devices&quot;:[&quot;tablet&quot;],&quot;motion_fx_translateY_speed&quot;:{&quot;unit&quot;:&quot;px&quot;,&quot;size&quot;:4,&quot;sizes&quot;:[]}}\" data-widget_type=\"image.default\">\n\t\t\t\t<div class=\"elementor-widget-container\">\n\t\t\t\t\t\t\t\t\t\t\t\t\t\t\t<img fetchpriority=\"high\" decoding=\"async\" width=\"800\" height=\"800\" src=\"https:\/\/joannearchibald.com\/wp-content\/uploads\/2023\/04\/jessica-rockowitz-5NLCaz2wJXE-unsplash-1024x1024.jpg\" class=\"attachment-large size-large wp-image-4312\" alt=\"\" srcset=\"https:\/\/joannearchibald.com\/wp-content\/uploads\/2023\/04\/jessica-rockowitz-5NLCaz2wJXE-unsplash-1024x1024.jpg 1024w, https:\/\/joannearchibald.com\/wp-content\/uploads\/2023\/04\/jessica-rockowitz-5NLCaz2wJXE-unsplash-300x300.jpg 300w, https:\/\/joannearchibald.com\/wp-content\/uploads\/2023\/04\/jessica-rockowitz-5NLCaz2wJXE-unsplash-150x150.jpg 150w, https:\/\/joannearchibald.com\/wp-content\/uploads\/2023\/04\/jessica-rockowitz-5NLCaz2wJXE-unsplash-768x768.jpg 768w, https:\/\/joannearchibald.com\/wp-content\/uploads\/2023\/04\/jessica-rockowitz-5NLCaz2wJXE-unsplash-1536x1536.jpg 1536w, https:\/\/joannearchibald.com\/wp-content\/uploads\/2023\/04\/jessica-rockowitz-5NLCaz2wJXE-unsplash-2048x2048.jpg 2048w, https:\/\/joannearchibald.com\/wp-content\/uploads\/2023\/04\/jessica-rockowitz-5NLCaz2wJXE-unsplash-1320x1320.jpg 1320w, https:\/\/joannearchibald.com\/wp-content\/uploads\/2023\/04\/jessica-rockowitz-5NLCaz2wJXE-unsplash-120x120.jpg 120w\" sizes=\"(max-width: 800px) 100vw, 800px\" \/>\t\t\t\t\t\t\t\t\t\t\t\t\t\t\t<\/div>\n\t\t\t\t<\/div>\n\t\t\t\t\t<\/div>\n\t\t<\/div>\n\t\t\t\t<div class=\"elementor-column elementor-col-50 elementor-top-column elementor-element elementor-element-fa19d3f\" data-id=\"fa19d3f\" data-element_type=\"column\">\n\t\t\t<div class=\"elementor-widget-wrap elementor-element-populated\">\n\t\t\t\t\t\t<div class=\"elementor-element elementor-element-2308289 elementor-widget elementor-widget-heading\" data-id=\"2308289\" data-element_type=\"widget\" data-widget_type=\"heading.default\">\n\t\t\t\t<div class=\"elementor-widget-container\">\n\t\t\t\t\t<h2 class=\"elementor-heading-title elementor-size-default\">Le chemin de votre accomplissement<\/h2>\t\t\t\t<\/div>\n\t\t\t\t<\/div>\n\t\t\t\t<div class=\"elementor-element elementor-element-3aaaeb1e elementor-widget elementor-widget-text-editor\" data-id=\"3aaaeb1e\" data-element_type=\"widget\" data-widget_type=\"text-editor.default\">\n\t\t\t\t<div class=\"elementor-widget-container\">\n\t\t\t\t\t\t\t\t\t<p>Mon programme de coaching de vie est con\u00e7u pour offrir \u00e0 mes clients un espace leur permettant de prendre du recul sur leur vie et \u00e9valuer o\u00f9 et qui ils sont, et o\u00f9 et qui ils veulent \u00eatre. J\u2019accompagne leur croissance personnelle en les aidant \u00e0 identifier et utiliser des atouts, comp\u00e9tences et valeurs cl\u00e9s, et en d\u00e9finissant des objectifs et un plan pour les atteindre. Nous travaillons ensemble pour surmonter les obstacles \u00e0 l\u2019\u00e9panouissement, r\u00e9aliser des changements importants et p\u00e9rennes, et reprendre le contr\u00f4le pour vivre pleinement une vie qui a du sens.<\/p><p>Le processus de coaching peut \u00eatre appliqu\u00e9 \u00e0 tous les objectifs et d\u00e9fis personnels, par exemple pour cr\u00e9er des relations solides, r\u00e9soudre des probl\u00e9matiques familiales, changer de carri\u00e8re, g\u00e9rer le stress, gagner en confiance et en estime de soi, am\u00e9liorer sa sant\u00e9, prosp\u00e9rer financi\u00e8rement ou encore s\u2019adapter \u00e0 son nouveau statut de parent.<\/p>\t\t\t\t\t\t\t\t<\/div>\n\t\t\t\t<\/div>\n\t\t\t\t\t<\/div>\n\t\t<\/div>\n\t\t\t\t\t<\/div>\n\t\t<\/section>\n\t\t\t\t<section class=\"elementor-section elementor-top-section elementor-element elementor-element-125399f2 elementor-section-boxed elementor-section-height-default elementor-section-height-default\" data-id=\"125399f2\" data-element_type=\"section\" data-settings=\"{&quot;background_background&quot;:&quot;classic&quot;}\">\n\t\t\t\t\t\t\t<div class=\"elementor-background-overlay\"><\/div>\n\t\t\t\t\t\t\t<div class=\"elementor-container elementor-column-gap-default\">\n\t\t\t\t\t<div class=\"elementor-column elementor-col-33 elementor-top-column elementor-element elementor-element-4795d20c\" data-id=\"4795d20c\" data-element_type=\"column\">\n\t\t\t<div class=\"elementor-widget-wrap elementor-element-populated\">\n\t\t\t\t\t\t<div class=\"elementor-element elementor-element-519910a7 elementor-widget elementor-widget-text-editor\" data-id=\"519910a7\" data-element_type=\"widget\" data-widget_type=\"text-editor.default\">\n\t\t\t\t<div class=\"elementor-widget-container\">\n\t\t\t\t\t\t\t\t\t<p>\u00ab Il a suffi d\u2019appliquer quelques-unes des id\u00e9es \u00e9voqu\u00e9es avec Joanne pour am\u00e9liorer nettement ma qualit\u00e9 de vie. Joanne m\u2019a donn\u00e9 une perspective plus humaine sur ma vie, et mon parcours personnel est d\u00e9sormais plus clair.\u00a0\u00bb<\/p>\t\t\t\t\t\t\t\t<\/div>\n\t\t\t\t<\/div>\n\t\t\t\t\t<\/div>\n\t\t<\/div>\n\t\t\t\t<div class=\"elementor-column elementor-col-33 elementor-top-column elementor-element elementor-element-23bdaee4\" data-id=\"23bdaee4\" data-element_type=\"column\" data-settings=\"{&quot;background_background&quot;:&quot;classic&quot;}\">\n\t\t\t<div class=\"elementor-widget-wrap elementor-element-populated\">\n\t\t\t\t\t\t<div class=\"elementor-element elementor-element-aef18c4 elementor-widget elementor-widget-image\" data-id=\"aef18c4\" data-element_type=\"widget\" data-widget_type=\"image.default\">\n\t\t\t\t<div class=\"elementor-widget-container\">\n\t\t\t\t\t\t\t\t\t\t\t\t\t\t\t<img decoding=\"async\" width=\"800\" height=\"875\" src=\"https:\/\/joannearchibald.com\/wp-content\/uploads\/2023\/04\/JoanneArchibald-8-scaled-e1680881486725-936x1024.jpg\" class=\"attachment-large size-large wp-image-4305\" alt=\"\" srcset=\"https:\/\/joannearchibald.com\/wp-content\/uploads\/2023\/04\/JoanneArchibald-8-scaled-e1680881486725-936x1024.jpg 936w, https:\/\/joannearchibald.com\/wp-content\/uploads\/2023\/04\/JoanneArchibald-8-scaled-e1680881486725-274x300.jpg 274w, https:\/\/joannearchibald.com\/wp-content\/uploads\/2023\/04\/JoanneArchibald-8-scaled-e1680881486725-137x150.jpg 137w, https:\/\/joannearchibald.com\/wp-content\/uploads\/2023\/04\/JoanneArchibald-8-scaled-e1680881486725-768x840.jpg 768w, https:\/\/joannearchibald.com\/wp-content\/uploads\/2023\/04\/JoanneArchibald-8-scaled-e1680881486725-1404x1536.jpg 1404w, https:\/\/joannearchibald.com\/wp-content\/uploads\/2023\/04\/JoanneArchibald-8-scaled-e1680881486725-1320x1444.jpg 1320w, https:\/\/joannearchibald.com\/wp-content\/uploads\/2023\/04\/JoanneArchibald-8-scaled-e1680881486725.jpg 1707w\" sizes=\"(max-width: 800px) 100vw, 800px\" \/>\t\t\t\t\t\t\t\t\t\t\t\t\t\t\t<\/div>\n\t\t\t\t<\/div>\n\t\t\t\t\t<\/div>\n\t\t<\/div>\n\t\t\t\t<div class=\"elementor-column elementor-col-33 elementor-top-column elementor-element elementor-element-514fa4c\" data-id=\"514fa4c\" data-element_type=\"column\">\n\t\t\t<div class=\"elementor-widget-wrap elementor-element-populated\">\n\t\t\t\t\t\t<div class=\"elementor-element elementor-element-172138d4 elementor-widget elementor-widget-text-editor\" data-id=\"172138d4\" data-element_type=\"widget\" data-widget_type=\"text-editor.default\">\n\t\t\t\t<div class=\"elementor-widget-container\">\n\t\t\t\t\t\t\t\t\t<p>\u00ab\u00a0L\u2019attitude bienveillante de Joanne, son \u00e9coute active et ses questions tr\u00e8s pertinentes m\u2019ont aid\u00e9 \u00e0 trouver mon chemin, mes ressources et les mesures \u00e0 prendre pour atteindre mes objectifs\u00a0: me trouver et recevoir le respect dont j\u2019ai besoin pour vivre une vie heureuse.\u00a0\u00bb<\/p>\t\t\t\t\t\t\t\t<\/div>\n\t\t\t\t<\/div>\n\t\t\t\t\t<\/div>\n\t\t<\/div>\n\t\t\t\t\t<\/div>\n\t\t<\/section>\n\t\t\t\t<section class=\"elementor-section elementor-top-section elementor-element elementor-element-48b02216 elementor-section-boxed elementor-section-height-default elementor-section-height-default\" data-id=\"48b02216\" data-element_type=\"section\" data-settings=\"{&quot;background_background&quot;:&quot;classic&quot;}\">\n\t\t\t\t\t\t\t<div class=\"elementor-background-overlay\"><\/div>\n\t\t\t\t\t\t\t<div class=\"elementor-container elementor-column-gap-default\">\n\t\t\t\t\t<div class=\"elementor-column elementor-col-100 elementor-top-column elementor-element elementor-element-4dc83bf5\" data-id=\"4dc83bf5\" data-element_type=\"column\">\n\t\t\t<div class=\"elementor-widget-wrap elementor-element-populated\">\n\t\t\t\t\t\t<div class=\"elementor-element elementor-element-52c2eacc elementor-widget elementor-widget-heading\" data-id=\"52c2eacc\" data-element_type=\"widget\" data-widget_type=\"heading.default\">\n\t\t\t\t<div class=\"elementor-widget-container\">\n\t\t\t\t\t<h2 class=\"elementor-heading-title elementor-size-default\">Une approche globale pour construire \nune vie <br>qui a du sens, v\u00e9cue pleinement<\/h2>\t\t\t\t<\/div>\n\t\t\t\t<\/div>\n\t\t\t\t<section class=\"elementor-section elementor-inner-section elementor-element elementor-element-3bb8b0d5 elementor-section-boxed elementor-section-height-default elementor-section-height-default\" data-id=\"3bb8b0d5\" data-element_type=\"section\">\n\t\t\t\t\t\t<div class=\"elementor-container elementor-column-gap-extended\">\n\t\t\t\t\t<div class=\"elementor-column elementor-col-33 elementor-inner-column elementor-element elementor-element-5ffee3cd\" data-id=\"5ffee3cd\" data-element_type=\"column\">\n\t\t\t<div class=\"elementor-widget-wrap elementor-element-populated\">\n\t\t\t\t\t\t<div class=\"elementor-element elementor-element-58833d18 elementor-widget elementor-widget-heading\" data-id=\"58833d18\" data-element_type=\"widget\" data-widget_type=\"heading.default\">\n\t\t\t\t<div class=\"elementor-widget-container\">\n\t\t\t\t\t<h3 class=\"elementor-heading-title elementor-size-default\">Trouver son chemin<\/h3>\t\t\t\t<\/div>\n\t\t\t\t<\/div>\n\t\t\t\t<div class=\"elementor-element elementor-element-44af7240 elementor-widget elementor-widget-text-editor\" data-id=\"44af7240\" data-element_type=\"widget\" data-widget_type=\"text-editor.default\">\n\t\t\t\t<div class=\"elementor-widget-container\">\n\t\t\t\t\t\t\t\t\t<p>Examiner ses forces, ses valeurs et ses objectifs pour surmonter les croyances limitantes, trouver son but et \u00e9laborer un plan pour y parvenir.<\/p>\t\t\t\t\t\t\t\t<\/div>\n\t\t\t\t<\/div>\n\t\t\t\t\t<\/div>\n\t\t<\/div>\n\t\t\t\t<div class=\"elementor-column elementor-col-33 elementor-inner-column elementor-element elementor-element-20b0dcf9\" data-id=\"20b0dcf9\" data-element_type=\"column\">\n\t\t\t<div class=\"elementor-widget-wrap elementor-element-populated\">\n\t\t\t\t\t\t<div class=\"elementor-element elementor-element-78399bde elementor-widget elementor-widget-heading\" data-id=\"78399bde\" data-element_type=\"widget\" data-widget_type=\"heading.default\">\n\t\t\t\t<div class=\"elementor-widget-container\">\n\t\t\t\t\t<h3 class=\"elementor-heading-title elementor-size-default\">Aller de l\u2019avant<\/h3>\t\t\t\t<\/div>\n\t\t\t\t<\/div>\n\t\t\t\t<div class=\"elementor-element elementor-element-677cb12a elementor-widget elementor-widget-text-editor\" data-id=\"677cb12a\" data-element_type=\"widget\" data-widget_type=\"text-editor.default\">\n\t\t\t\t<div class=\"elementor-widget-container\">\n\t\t\t\t\t\t\t\t\t<p>Partir \u00e0 la d\u00e9couverte de soi-m\u00eame pour g\u00e9rer ses \u00e9motions, prendre des d\u00e9cisions, se lib\u00e9rer et trouver de l\u2019\u00e9lan.<\/p>\t\t\t\t\t\t\t\t<\/div>\n\t\t\t\t<\/div>\n\t\t\t\t\t<\/div>\n\t\t<\/div>\n\t\t\t\t<div class=\"elementor-column elementor-col-33 elementor-inner-column elementor-element elementor-element-b1d9393\" data-id=\"b1d9393\" data-element_type=\"column\">\n\t\t\t<div class=\"elementor-widget-wrap elementor-element-populated\">\n\t\t\t\t\t\t<div class=\"elementor-element elementor-element-448fbd65 elementor-widget elementor-widget-heading\" data-id=\"448fbd65\" data-element_type=\"widget\" data-widget_type=\"heading.default\">\n\t\t\t\t<div class=\"elementor-widget-container\">\n\t\t\t\t\t<h3 class=\"elementor-heading-title elementor-size-default\">Une parentalit\u00e9 joyeuse<\/h3>\t\t\t\t<\/div>\n\t\t\t\t<\/div>\n\t\t\t\t<div class=\"elementor-element elementor-element-111650ad elementor-widget elementor-widget-text-editor\" data-id=\"111650ad\" data-element_type=\"widget\" data-widget_type=\"text-editor.default\">\n\t\t\t\t<div class=\"elementor-widget-container\">\n\t\t\t\t\t\t\t\t\t<p>D\u00e9couvrir son style de parentalit\u00e9 et d\u00e9velopper une strat\u00e9gie pour s\u2019\u00e9panouir dans sa vie de famille et sa carri\u00e8re.<\/p>\t\t\t\t\t\t\t\t<\/div>\n\t\t\t\t<\/div>\n\t\t\t\t\t<\/div>\n\t\t<\/div>\n\t\t\t\t\t<\/div>\n\t\t<\/section>\n\t\t\t\t\t<\/div>\n\t\t<\/div>\n\t\t\t\t\t<\/div>\n\t\t<\/section>\n\t\t\t\t<\/div>\n\t\t","protected":false},"excerpt":{"rendered":"<p>Construisez la vie que vous aimez.Trouvez l\u2019\u00e9quilibre, l\u2019\u00e9nergie et la joie.\u00c9panouissez-vous dans votre vie de parent et au travail. Le chemin de votre accomplissement Mon programme de coaching de vie est con\u00e7u pour offrir \u00e0 mes clients un espace leur permettant de prendre du recul sur leur vie et \u00e9valuer o\u00f9 et qui ils sont, [&hellip;]<\/p>\n","protected":false},"author":1,"featured_media":0,"parent":0,"menu_order":0,"comment_status":"closed","ping_status":"closed","template":"","meta":{"_exactmetrics_skip_tracking":false,"_exactmetrics_sitenote_active":false,"_exactmetrics_sitenote_note":"","_exactmetrics_sitenote_category":0,"footnotes":""},"class_list":["post-5017","page","type-page","status-publish","hentry"],"yoast_head":"<!-- This site is optimized with the Yoast SEO plugin v27.0 - https:\/\/yoast.com\/product\/yoast-seo-wordpress\/ -->\n<title>Coaching de vie - Joanne Archibald | Coaching<\/title>\n<meta name=\"robots\" content=\"index, follow, max-snippet:-1, max-image-preview:large, max-video-preview:-1\" \/>\n<link rel=\"canonical\" href=\"https:\/\/joannearchibald.com\/fr\/coaching-de-vie\/\" \/>\n<meta property=\"og:locale\" content=\"fr_FR\" \/>\n<meta property=\"og:type\" content=\"article\" \/>\n<meta property=\"og:title\" content=\"Coaching de vie - Joanne Archibald | Coaching\" \/>\n<meta property=\"og:description\" content=\"Construisez la vie que vous aimez.Trouvez l\u2019\u00e9quilibre, l\u2019\u00e9nergie et la joie.\u00c9panouissez-vous dans votre vie de parent et au travail. Le chemin de votre accomplissement Mon programme de coaching de vie est con\u00e7u pour offrir \u00e0 mes clients un espace leur permettant de prendre du recul sur leur vie et \u00e9valuer o\u00f9 et qui ils sont, [&hellip;]\" \/>\n<meta property=\"og:url\" content=\"https:\/\/joannearchibald.com\/fr\/coaching-de-vie\/\" \/>\n<meta property=\"og:site_name\" content=\"Joanne Archibald | Coaching\" \/>\n<meta property=\"article:modified_time\" content=\"2023-07-06T10:09:03+00:00\" \/>\n<meta property=\"og:image\" content=\"https:\/\/joannearchibald.com\/wp-content\/uploads\/2023\/04\/jessica-rockowitz-5NLCaz2wJXE-unsplash-1024x1024.jpg\" \/>\n<meta name=\"twitter:card\" content=\"summary_large_image\" \/>\n<meta name=\"twitter:label1\" content=\"Dur\u00e9e de lecture estim\u00e9e\" \/>\n\t<meta name=\"twitter:data1\" content=\"2 minutes\" \/>\n<script type=\"application\/ld+json\" class=\"yoast-schema-graph\">{\"@context\":\"https:\/\/schema.org\",\"@graph\":[{\"@type\":\"WebPage\",\"@id\":\"https:\/\/joannearchibald.com\/fr\/coaching-de-vie\/\",\"url\":\"https:\/\/joannearchibald.com\/fr\/coaching-de-vie\/\",\"name\":\"Coaching de vie - Joanne Archibald | Coaching\",\"isPartOf\":{\"@id\":\"https:\/\/joannearchibald.com\/#website\"},\"primaryImageOfPage\":{\"@id\":\"https:\/\/joannearchibald.com\/fr\/coaching-de-vie\/#primaryimage\"},\"image\":{\"@id\":\"https:\/\/joannearchibald.com\/fr\/coaching-de-vie\/#primaryimage\"},\"thumbnailUrl\":\"https:\/\/joannearchibald.com\/wp-content\/uploads\/2023\/04\/jessica-rockowitz-5NLCaz2wJXE-unsplash-1024x1024.jpg\",\"datePublished\":\"2023-07-05T11:59:05+00:00\",\"dateModified\":\"2023-07-06T10:09:03+00:00\",\"breadcrumb\":{\"@id\":\"https:\/\/joannearchibald.com\/fr\/coaching-de-vie\/#breadcrumb\"},\"inLanguage\":\"fr-FR\",\"potentialAction\":[{\"@type\":\"ReadAction\",\"target\":[\"https:\/\/joannearchibald.com\/fr\/coaching-de-vie\/\"]}]},{\"@type\":\"ImageObject\",\"inLanguage\":\"fr-FR\",\"@id\":\"https:\/\/joannearchibald.com\/fr\/coaching-de-vie\/#primaryimage\",\"url\":\"https:\/\/joannearchibald.com\/wp-content\/uploads\/2023\/04\/jessica-rockowitz-5NLCaz2wJXE-unsplash-1024x1024.jpg\",\"contentUrl\":\"https:\/\/joannearchibald.com\/wp-content\/uploads\/2023\/04\/jessica-rockowitz-5NLCaz2wJXE-unsplash-1024x1024.jpg\"},{\"@type\":\"BreadcrumbList\",\"@id\":\"https:\/\/joannearchibald.com\/fr\/coaching-de-vie\/#breadcrumb\",\"itemListElement\":[{\"@type\":\"ListItem\",\"position\":1,\"name\":\"Accueil\",\"item\":\"https:\/\/joannearchibald.com\/\"},{\"@type\":\"ListItem\",\"position\":2,\"name\":\"Coaching de vie\"}]},{\"@type\":\"WebSite\",\"@id\":\"https:\/\/joannearchibald.com\/#website\",\"url\":\"https:\/\/joannearchibald.com\/\",\"name\":\"Joanne Archibald | Coaching\",\"description\":\"Joanne Archibald | Coaching\",\"publisher\":{\"@id\":\"https:\/\/joannearchibald.com\/#organization\"},\"potentialAction\":[{\"@type\":\"SearchAction\",\"target\":{\"@type\":\"EntryPoint\",\"urlTemplate\":\"https:\/\/joannearchibald.com\/?s={search_term_string}\"},\"query-input\":{\"@type\":\"PropertyValueSpecification\",\"valueRequired\":true,\"valueName\":\"search_term_string\"}}],\"inLanguage\":\"fr-FR\"},{\"@type\":\"Organization\",\"@id\":\"https:\/\/joannearchibald.com\/#organization\",\"name\":\"Joanne Archibald | Coaching\",\"url\":\"https:\/\/joannearchibald.com\/\",\"logo\":{\"@type\":\"ImageObject\",\"inLanguage\":\"fr-FR\",\"@id\":\"https:\/\/joannearchibald.com\/#\/schema\/logo\/image\/\",\"url\":\"https:\/\/joannearchibald.com\/wp-content\/uploads\/2023\/03\/JAC-logo.png\",\"contentUrl\":\"https:\/\/joannearchibald.com\/wp-content\/uploads\/2023\/03\/JAC-logo.png\",\"width\":2560,\"height\":641,\"caption\":\"Joanne Archibald | Coaching\"},\"image\":{\"@id\":\"https:\/\/joannearchibald.com\/#\/schema\/logo\/image\/\"}}]}<\/script>\n<!-- \/ Yoast SEO plugin. -->","yoast_head_json":{"title":"Coaching de vie - Joanne Archibald | Coaching","robots":{"index":"index","follow":"follow","max-snippet":"max-snippet:-1","max-image-preview":"max-image-preview:large","max-video-preview":"max-video-preview:-1"},"canonical":"https:\/\/joannearchibald.com\/fr\/coaching-de-vie\/","og_locale":"fr_FR","og_type":"article","og_title":"Coaching de vie - Joanne Archibald | Coaching","og_description":"Construisez la vie que vous aimez.Trouvez l\u2019\u00e9quilibre, l\u2019\u00e9nergie et la joie.\u00c9panouissez-vous dans votre vie de parent et au travail. Le chemin de votre accomplissement Mon programme de coaching de vie est con\u00e7u pour offrir \u00e0 mes clients un espace leur permettant de prendre du recul sur leur vie et \u00e9valuer o\u00f9 et qui ils sont, [&hellip;]","og_url":"https:\/\/joannearchibald.com\/fr\/coaching-de-vie\/","og_site_name":"Joanne Archibald | Coaching","article_modified_time":"2023-07-06T10:09:03+00:00","og_image":[{"url":"https:\/\/joannearchibald.com\/wp-content\/uploads\/2023\/04\/jessica-rockowitz-5NLCaz2wJXE-unsplash-1024x1024.jpg","type":"","width":"","height":""}],"twitter_card":"summary_large_image","twitter_misc":{"Dur\u00e9e de lecture estim\u00e9e":"2 minutes"},"schema":{"@context":"https:\/\/schema.org","@graph":[{"@type":"WebPage","@id":"https:\/\/joannearchibald.com\/fr\/coaching-de-vie\/","url":"https:\/\/joannearchibald.com\/fr\/coaching-de-vie\/","name":"Coaching de vie - Joanne Archibald | Coaching","isPartOf":{"@id":"https:\/\/joannearchibald.com\/#website"},"primaryImageOfPage":{"@id":"https:\/\/joannearchibald.com\/fr\/coaching-de-vie\/#primaryimage"},"image":{"@id":"https:\/\/joannearchibald.com\/fr\/coaching-de-vie\/#primaryimage"},"thumbnailUrl":"https:\/\/joannearchibald.com\/wp-content\/uploads\/2023\/04\/jessica-rockowitz-5NLCaz2wJXE-unsplash-1024x1024.jpg","datePublished":"2023-07-05T11:59:05+00:00","dateModified":"2023-07-06T10:09:03+00:00","breadcrumb":{"@id":"https:\/\/joannearchibald.com\/fr\/coaching-de-vie\/#breadcrumb"},"inLanguage":"fr-FR","potentialAction":[{"@type":"ReadAction","target":["https:\/\/joannearchibald.com\/fr\/coaching-de-vie\/"]}]},{"@type":"ImageObject","inLanguage":"fr-FR","@id":"https:\/\/joannearchibald.com\/fr\/coaching-de-vie\/#primaryimage","url":"https:\/\/joannearchibald.com\/wp-content\/uploads\/2023\/04\/jessica-rockowitz-5NLCaz2wJXE-unsplash-1024x1024.jpg","contentUrl":"https:\/\/joannearchibald.com\/wp-content\/uploads\/2023\/04\/jessica-rockowitz-5NLCaz2wJXE-unsplash-1024x1024.jpg"},{"@type":"BreadcrumbList","@id":"https:\/\/joannearchibald.com\/fr\/coaching-de-vie\/#breadcrumb","itemListElement":[{"@type":"ListItem","position":1,"name":"Accueil","item":"https:\/\/joannearchibald.com\/"},{"@type":"ListItem","position":2,"name":"Coaching de vie"}]},{"@type":"WebSite","@id":"https:\/\/joannearchibald.com\/#website","url":"https:\/\/joannearchibald.com\/","name":"Joanne Archibald | Coaching","description":"Joanne Archibald | Coaching","publisher":{"@id":"https:\/\/joannearchibald.com\/#organization"},"potentialAction":[{"@type":"SearchAction","target":{"@type":"EntryPoint","urlTemplate":"https:\/\/joannearchibald.com\/?s={search_term_string}"},"query-input":{"@type":"PropertyValueSpecification","valueRequired":true,"valueName":"search_term_string"}}],"inLanguage":"fr-FR"},{"@type":"Organization","@id":"https:\/\/joannearchibald.com\/#organization","name":"Joanne Archibald | Coaching","url":"https:\/\/joannearchibald.com\/","logo":{"@type":"ImageObject","inLanguage":"fr-FR","@id":"https:\/\/joannearchibald.com\/#\/schema\/logo\/image\/","url":"https:\/\/joannearchibald.com\/wp-content\/uploads\/2023\/03\/JAC-logo.png","contentUrl":"https:\/\/joannearchibald.com\/wp-content\/uploads\/2023\/03\/JAC-logo.png","width":2560,"height":641,"caption":"Joanne Archibald | Coaching"},"image":{"@id":"https:\/\/joannearchibald.com\/#\/schema\/logo\/image\/"}}]}},"_links":{"self":[{"href":"https:\/\/joannearchibald.com\/fr\/wp-json\/wp\/v2\/pages\/5017","targetHints":{"allow":["GET"]}}],"collection":[{"href":"https:\/\/joannearchibald.com\/fr\/wp-json\/wp\/v2\/pages"}],"about":[{"href":"https:\/\/joannearchibald.com\/fr\/wp-json\/wp\/v2\/types\/page"}],"author":[{"embeddable":true,"href":"https:\/\/joannearchibald.com\/fr\/wp-json\/wp\/v2\/users\/1"}],"replies":[{"embeddable":true,"href":"https:\/\/joannearchibald.com\/fr\/wp-json\/wp\/v2\/comments?post=5017"}],"version-history":[{"count":3,"href":"https:\/\/joannearchibald.com\/fr\/wp-json\/wp\/v2\/pages\/5017\/revisions"}],"predecessor-version":[{"id":5178,"href":"https:\/\/joannearchibald.com\/fr\/wp-json\/wp\/v2\/pages\/5017\/revisions\/5178"}],"wp:attachment":[{"href":"https:\/\/joannearchibald.com\/fr\/wp-json\/wp\/v2\/media?parent=5017"}],"curies":[{"name":"wp","href":"https:\/\/api.w.org\/{rel}","templated":true}]}}