{"id":5790,"date":"2026-01-19T22:22:33","date_gmt":"2026-01-19T21:22:33","guid":{"rendered":"https:\/\/joannearchibald.com\/time-for-what-matters\/"},"modified":"2026-01-19T22:24:56","modified_gmt":"2026-01-19T21:24:56","slug":"time-for-what-matters","status":"publish","type":"page","link":"https:\/\/joannearchibald.com\/fr\/time-for-what-matters\/","title":{"rendered":"Time for what matters!"},"content":{"rendered":"\t\t<div data-elementor-type=\"wp-page\" data-elementor-id=\"5790\" class=\"elementor elementor-5790 elementor-5768\" data-elementor-post-type=\"page\">\n\t\t\t\t\t\t<section class=\"elementor-section elementor-top-section elementor-element elementor-element-6fcb9cdf elementor-reverse-tablet elementor-reverse-mobile elementor-section-content-middle elementor-section-boxed elementor-section-height-default elementor-section-height-default\" data-id=\"6fcb9cdf\" data-element_type=\"section\" data-settings=\"{&quot;background_background&quot;:&quot;classic&quot;}\">\n\t\t\t\t\t\t<div class=\"elementor-container elementor-column-gap-default\">\n\t\t\t\t\t<div class=\"elementor-column elementor-col-33 elementor-top-column elementor-element elementor-element-f7fb8b1 elementor-hidden-mobile\" data-id=\"f7fb8b1\" data-element_type=\"column\" data-settings=\"{&quot;background_background&quot;:&quot;classic&quot;}\">\n\t\t\t<div class=\"elementor-widget-wrap elementor-element-populated\">\n\t\t\t\t\t\t<div class=\"elementor-element elementor-element-6d1bf1b6 elementor-widget elementor-widget-spacer\" data-id=\"6d1bf1b6\" data-element_type=\"widget\" data-widget_type=\"spacer.default\">\n\t\t\t\t<div class=\"elementor-widget-container\">\n\t\t\t\t\t\t\t<div class=\"elementor-spacer\">\n\t\t\t<div class=\"elementor-spacer-inner\"><\/div>\n\t\t<\/div>\n\t\t\t\t\t\t<\/div>\n\t\t\t\t<\/div>\n\t\t\t\t\t<\/div>\n\t\t<\/div>\n\t\t\t\t<div class=\"elementor-column elementor-col-66 elementor-top-column elementor-element elementor-element-2ca708f4\" data-id=\"2ca708f4\" data-element_type=\"column\" data-settings=\"{&quot;background_background&quot;:&quot;classic&quot;}\">\n\t\t\t<div class=\"elementor-widget-wrap elementor-element-populated\">\n\t\t\t\t\t<div class=\"elementor-background-overlay\"><\/div>\n\t\t\t\t\t\t<div class=\"elementor-element elementor-element-32d43ba9 elementor-widget elementor-widget-text-editor\" data-id=\"32d43ba9\" data-element_type=\"widget\" data-widget_type=\"text-editor.default\">\n\t\t\t\t<div class=\"elementor-widget-container\">\n\t\t\t\t\t\t\t\t\t<div class=\"elementor-background-overlay\">\u00a0<\/div><div class=\"elementor-element elementor-element-70868ea elementor-widget elementor-widget-text-editor\" data-id=\"70868ea\" data-element_type=\"widget\" data-widget_type=\"text-editor.default\"><div class=\"elementor-widget-container\"><p>\u2728 Vous arrive-t-il de terminer une semaine bien remplie en ayant l\u2019impression de n\u2019avoir rien accompli de ce que vous aviez pr\u00e9vu ?<\/p><p>\u2728 Travaillez-vous sans rel\u00e2che sans jamais vraiment avancer sur vos projets essentiels ?<\/p><p>\u2728 Combien de temps dans votre journ\u00e9e consacrez-vous r\u00e9ellement \u00e0 vos objectifs et \u00e0 vos priorit\u00e9s ?<\/p><\/div><\/div>\t\t\t\t\t\t\t\t<\/div>\n\t\t\t\t<\/div>\n\t\t\t\t<div class=\"elementor-element elementor-element-b4effbb elementor-widget elementor-widget-heading\" data-id=\"b4effbb\" data-element_type=\"widget\" data-widget_type=\"heading.default\">\n\t\t\t\t<div class=\"elementor-widget-container\">\n\t\t\t\t\t<h1 class=\"elementor-heading-title elementor-size-default\">It\u2019s time for what matters!<\/h1>\t\t\t\t<\/div>\n\t\t\t\t<\/div>\n\t\t\t\t<div class=\"elementor-element elementor-element-6e19b1a8 elementor-widget elementor-widget-text-editor\" data-id=\"6e19b1a8\" data-element_type=\"widget\" data-widget_type=\"text-editor.default\">\n\t\t\t\t<div class=\"elementor-widget-container\">\n\t\t\t\t\t\t\t\t\t<div class=\"elementor-element elementor-element-118de06 elementor-widget elementor-widget-text-editor\" data-id=\"118de06\" data-element_type=\"widget\" data-widget_type=\"text-editor.default\">\n<div class=\"elementor-widget-container\">\n<p>Dans mon nouvel ebook, <em>Time For What Matters<\/em>, je partage des r\u00e9flexions approfondies, des strat\u00e9gies efficaces et de puissants exercices d\u2019auto-coaching pour vous aider \u00e0 mieux g\u00e9rer votre temps et votre \u00e9nergie, et ainsi donner la priorit\u00e9 \u00e0 ce qui est important pour vous.<\/p>\n<p>Inscrivez-vous pour t\u00e9l\u00e9charger gratuitement l\u2019ebook, et recevez chaque mois une dose d\u2019inspiration directement dans votre bo\u00eete mail.<\/p>\n<\/div>\n<p><\/div>\n\t\t\t\t\t\t\t\t<\/div>\n\t\t\t\t<\/div>\n\t\t\t\t<div class=\"elementor-element elementor-element-17b63653 elementor-button-align-start elementor-widget elementor-widget-form\" data-id=\"17b63653\" data-element_type=\"widget\" data-settings=\"{&quot;step_next_label&quot;:&quot;Next&quot;,&quot;step_previous_label&quot;:&quot;Previous&quot;,&quot;step_type&quot;:&quot;number_text&quot;,&quot;step_icon_shape&quot;:&quot;circle&quot;}\" data-widget_type=\"form.default\">\n\t\t\t\t<div class=\"elementor-widget-container\">\n\t\t\t\t\t\t\t<form class=\"elementor-form\" method=\"post\" name=\"New Form\" aria-label=\"New Form\">\n\t\t\t<input type=\"hidden\" name=\"post_id\" value=\"5790\"\/>\n\t\t\t<input type=\"hidden\" name=\"form_id\" value=\"17b63653\"\/>\n\t\t\t<input type=\"hidden\" name=\"referer_title\" value=\"Joanne Archibald | Coaching\" \/>\n\n\t\t\t\n\t\t\t<div class=\"elementor-form-fields-wrapper elementor-labels-\">\n\t\t\t\t\t\t\t\t<div class=\"elementor-field-type-text elementor-field-group elementor-column elementor-field-group-email elementor-col-100 elementor-field-required\">\n\t\t\t\t\t\t\t\t\t\t\t\t<label for=\"form-field-email\" class=\"elementor-field-label elementor-screen-only\">\n\t\t\t\t\t\t\t\tNom\t\t\t\t\t\t\t<\/label>\n\t\t\t\t\t\t\t\t\t\t\t\t\t\t<input size=\"1\" type=\"text\" name=\"form_fields[email]\" id=\"form-field-email\" class=\"elementor-field elementor-size-sm  elementor-field-textual\" placeholder=\"Nom\" required=\"required\">\n\t\t\t\t\t\t\t\t\t\t\t<\/div>\n\t\t\t\t\t\t\t\t<div class=\"elementor-field-type-email elementor-field-group elementor-column elementor-field-group-field_25bd87e elementor-col-100 elementor-field-required\">\n\t\t\t\t\t\t\t\t\t\t\t\t<label for=\"form-field-field_25bd87e\" class=\"elementor-field-label elementor-screen-only\">\n\t\t\t\t\t\t\t\tEmail \t\t\t\t\t\t\t<\/label>\n\t\t\t\t\t\t\t\t\t\t\t\t\t\t<input size=\"1\" type=\"email\" name=\"form_fields[field_25bd87e]\" id=\"form-field-field_25bd87e\" class=\"elementor-field elementor-size-sm  elementor-field-textual\" placeholder=\"Adresse mail\" required=\"required\">\n\t\t\t\t\t\t\t\t\t\t\t<\/div>\n\t\t\t\t\t\t\t\t<div class=\"elementor-field-group elementor-column elementor-field-type-submit elementor-col-100 e-form__buttons\">\n\t\t\t\t\t<button class=\"elementor-button elementor-size-sm\" type=\"submit\">\n\t\t\t\t\t\t<span class=\"elementor-button-content-wrapper\">\n\t\t\t\t\t\t\t\t\t\t\t\t\t\t\t\t\t\t\t\t\t\t<span class=\"elementor-button-text\">Recevoir l\u2019ebook gratuit<\/span>\n\t\t\t\t\t\t\t\t\t\t\t\t\t<\/span>\n\t\t\t\t\t<\/button>\n\t\t\t\t<\/div>\n\t\t\t<\/div>\n\t\t<\/form>\n\t\t\t\t\t\t<\/div>\n\t\t\t\t<\/div>\n\t\t\t\t\t<\/div>\n\t\t<\/div>\n\t\t\t\t\t<\/div>\n\t\t<\/section>\n\t\t\t\t<\/div>\n\t\t","protected":false},"excerpt":{"rendered":"<p>\u00a0 \u2728 Vous arrive-t-il de terminer une semaine bien remplie en ayant l\u2019impression de n\u2019avoir rien accompli de ce que vous aviez pr\u00e9vu ? \u2728 Travaillez-vous sans rel\u00e2che sans jamais vraiment avancer sur vos projets essentiels ? \u2728 Combien de temps dans votre journ\u00e9e consacrez-vous r\u00e9ellement \u00e0 vos objectifs et \u00e0 vos priorit\u00e9s ? It\u2019s [&hellip;]<\/p>\n","protected":false},"author":1,"featured_media":0,"parent":0,"menu_order":0,"comment_status":"closed","ping_status":"closed","template":"","meta":{"_exactmetrics_skip_tracking":false,"_exactmetrics_sitenote_active":false,"_exactmetrics_sitenote_note":"","_exactmetrics_sitenote_category":0,"footnotes":""},"class_list":["post-5790","page","type-page","status-publish","hentry"],"yoast_head":"<!-- This site is optimized with the Yoast SEO plugin v27.0 - https:\/\/yoast.com\/product\/yoast-seo-wordpress\/ -->\n<title>Toolbox to Prioritise Your Goals | Joanne Archibald Coaching<\/title>\n<meta name=\"description\" content=\"Time for What Matters: Discover our practical toolbox to manage your time and energy, identify your values, set goals, and overcome obstacles. Download now to prioritise what truly matters to you!\" \/>\n<meta name=\"robots\" content=\"index, follow, max-snippet:-1, max-image-preview:large, max-video-preview:-1\" \/>\n<link rel=\"canonical\" href=\"https:\/\/joannearchibald.com\/time-for-what-matters\/\" \/>\n<meta property=\"og:locale\" content=\"fr_FR\" \/>\n<meta property=\"og:type\" content=\"article\" \/>\n<meta property=\"og:title\" content=\"Toolbox to Prioritise Your Goals | Joanne Archibald Coaching\" \/>\n<meta property=\"og:description\" content=\"Time for What Matters: Discover our practical toolbox to manage your time and energy, identify your values, set goals, and overcome obstacles. Download now to prioritise what truly matters to you!\" \/>\n<meta property=\"og:url\" content=\"https:\/\/joannearchibald.com\/time-for-what-matters\/\" \/>\n<meta property=\"og:site_name\" content=\"Joanne Archibald | Coaching\" \/>\n<meta property=\"article:modified_time\" content=\"2026-01-19T21:24:56+00:00\" \/>\n<meta name=\"twitter:card\" content=\"summary_large_image\" \/>\n<meta name=\"twitter:label1\" content=\"Dur\u00e9e de lecture estim\u00e9e\" \/>\n\t<meta name=\"twitter:data1\" content=\"3 minutes\" \/>\n<script type=\"application\/ld+json\" class=\"yoast-schema-graph\">{\"@context\":\"https:\/\/schema.org\",\"@graph\":[{\"@type\":\"WebPage\",\"@id\":\"https:\/\/joannearchibald.com\/time-for-what-matters\/\",\"url\":\"https:\/\/joannearchibald.com\/time-for-what-matters\/\",\"name\":\"Toolbox to Prioritise Your Goals | Joanne Archibald Coaching\",\"isPartOf\":{\"@id\":\"https:\/\/joannearchibald.com\/#website\"},\"datePublished\":\"2026-01-19T21:22:33+00:00\",\"dateModified\":\"2026-01-19T21:24:56+00:00\",\"description\":\"Time for What Matters: Discover our practical toolbox to manage your time and energy, identify your values, set goals, and overcome obstacles. Download now to prioritise what truly matters to you!\",\"breadcrumb\":{\"@id\":\"https:\/\/joannearchibald.com\/time-for-what-matters\/#breadcrumb\"},\"inLanguage\":\"fr-FR\",\"potentialAction\":[{\"@type\":\"ReadAction\",\"target\":[\"https:\/\/joannearchibald.com\/time-for-what-matters\/\"]}]},{\"@type\":\"BreadcrumbList\",\"@id\":\"https:\/\/joannearchibald.com\/time-for-what-matters\/#breadcrumb\",\"itemListElement\":[{\"@type\":\"ListItem\",\"position\":1,\"name\":\"Accueil\",\"item\":\"https:\/\/joannearchibald.com\/\"},{\"@type\":\"ListItem\",\"position\":2,\"name\":\"Time for what matters!\"}]},{\"@type\":\"WebSite\",\"@id\":\"https:\/\/joannearchibald.com\/#website\",\"url\":\"https:\/\/joannearchibald.com\/\",\"name\":\"Joanne Archibald | Coaching\",\"description\":\"Joanne Archibald | Coaching\",\"publisher\":{\"@id\":\"https:\/\/joannearchibald.com\/#organization\"},\"potentialAction\":[{\"@type\":\"SearchAction\",\"target\":{\"@type\":\"EntryPoint\",\"urlTemplate\":\"https:\/\/joannearchibald.com\/?s={search_term_string}\"},\"query-input\":{\"@type\":\"PropertyValueSpecification\",\"valueRequired\":true,\"valueName\":\"search_term_string\"}}],\"inLanguage\":\"fr-FR\"},{\"@type\":\"Organization\",\"@id\":\"https:\/\/joannearchibald.com\/#organization\",\"name\":\"Joanne Archibald | Coaching\",\"url\":\"https:\/\/joannearchibald.com\/\",\"logo\":{\"@type\":\"ImageObject\",\"inLanguage\":\"fr-FR\",\"@id\":\"https:\/\/joannearchibald.com\/#\/schema\/logo\/image\/\",\"url\":\"https:\/\/joannearchibald.com\/wp-content\/uploads\/2023\/03\/JAC-logo.png\",\"contentUrl\":\"https:\/\/joannearchibald.com\/wp-content\/uploads\/2023\/03\/JAC-logo.png\",\"width\":2560,\"height\":641,\"caption\":\"Joanne Archibald | Coaching\"},\"image\":{\"@id\":\"https:\/\/joannearchibald.com\/#\/schema\/logo\/image\/\"}}]}<\/script>\n<!-- \/ Yoast SEO plugin. -->","yoast_head_json":{"title":"Toolbox to Prioritise Your Goals | Joanne Archibald Coaching","description":"Time for What Matters: Discover our practical toolbox to manage your time and energy, identify your values, set goals, and overcome obstacles. Download now to prioritise what truly matters to you!","robots":{"index":"index","follow":"follow","max-snippet":"max-snippet:-1","max-image-preview":"max-image-preview:large","max-video-preview":"max-video-preview:-1"},"canonical":"https:\/\/joannearchibald.com\/time-for-what-matters\/","og_locale":"fr_FR","og_type":"article","og_title":"Toolbox to Prioritise Your Goals | Joanne Archibald Coaching","og_description":"Time for What Matters: Discover our practical toolbox to manage your time and energy, identify your values, set goals, and overcome obstacles. Download now to prioritise what truly matters to you!","og_url":"https:\/\/joannearchibald.com\/time-for-what-matters\/","og_site_name":"Joanne Archibald | Coaching","article_modified_time":"2026-01-19T21:24:56+00:00","twitter_card":"summary_large_image","twitter_misc":{"Dur\u00e9e de lecture estim\u00e9e":"3 minutes"},"schema":{"@context":"https:\/\/schema.org","@graph":[{"@type":"WebPage","@id":"https:\/\/joannearchibald.com\/time-for-what-matters\/","url":"https:\/\/joannearchibald.com\/time-for-what-matters\/","name":"Toolbox to Prioritise Your Goals | Joanne Archibald Coaching","isPartOf":{"@id":"https:\/\/joannearchibald.com\/#website"},"datePublished":"2026-01-19T21:22:33+00:00","dateModified":"2026-01-19T21:24:56+00:00","description":"Time for What Matters: Discover our practical toolbox to manage your time and energy, identify your values, set goals, and overcome obstacles. Download now to prioritise what truly matters to you!","breadcrumb":{"@id":"https:\/\/joannearchibald.com\/time-for-what-matters\/#breadcrumb"},"inLanguage":"fr-FR","potentialAction":[{"@type":"ReadAction","target":["https:\/\/joannearchibald.com\/time-for-what-matters\/"]}]},{"@type":"BreadcrumbList","@id":"https:\/\/joannearchibald.com\/time-for-what-matters\/#breadcrumb","itemListElement":[{"@type":"ListItem","position":1,"name":"Accueil","item":"https:\/\/joannearchibald.com\/"},{"@type":"ListItem","position":2,"name":"Time for what matters!"}]},{"@type":"WebSite","@id":"https:\/\/joannearchibald.com\/#website","url":"https:\/\/joannearchibald.com\/","name":"Joanne Archibald | Coaching","description":"Joanne Archibald | Coaching","publisher":{"@id":"https:\/\/joannearchibald.com\/#organization"},"potentialAction":[{"@type":"SearchAction","target":{"@type":"EntryPoint","urlTemplate":"https:\/\/joannearchibald.com\/?s={search_term_string}"},"query-input":{"@type":"PropertyValueSpecification","valueRequired":true,"valueName":"search_term_string"}}],"inLanguage":"fr-FR"},{"@type":"Organization","@id":"https:\/\/joannearchibald.com\/#organization","name":"Joanne Archibald | Coaching","url":"https:\/\/joannearchibald.com\/","logo":{"@type":"ImageObject","inLanguage":"fr-FR","@id":"https:\/\/joannearchibald.com\/#\/schema\/logo\/image\/","url":"https:\/\/joannearchibald.com\/wp-content\/uploads\/2023\/03\/JAC-logo.png","contentUrl":"https:\/\/joannearchibald.com\/wp-content\/uploads\/2023\/03\/JAC-logo.png","width":2560,"height":641,"caption":"Joanne Archibald | Coaching"},"image":{"@id":"https:\/\/joannearchibald.com\/#\/schema\/logo\/image\/"}}]}},"_links":{"self":[{"href":"https:\/\/joannearchibald.com\/fr\/wp-json\/wp\/v2\/pages\/5790","targetHints":{"allow":["GET"]}}],"collection":[{"href":"https:\/\/joannearchibald.com\/fr\/wp-json\/wp\/v2\/pages"}],"about":[{"href":"https:\/\/joannearchibald.com\/fr\/wp-json\/wp\/v2\/types\/page"}],"author":[{"embeddable":true,"href":"https:\/\/joannearchibald.com\/fr\/wp-json\/wp\/v2\/users\/1"}],"replies":[{"embeddable":true,"href":"https:\/\/joannearchibald.com\/fr\/wp-json\/wp\/v2\/comments?post=5790"}],"version-history":[{"count":3,"href":"https:\/\/joannearchibald.com\/fr\/wp-json\/wp\/v2\/pages\/5790\/revisions"}],"predecessor-version":[{"id":5798,"href":"https:\/\/joannearchibald.com\/fr\/wp-json\/wp\/v2\/pages\/5790\/revisions\/5798"}],"wp:attachment":[{"href":"https:\/\/joannearchibald.com\/fr\/wp-json\/wp\/v2\/media?parent=5790"}],"curies":[{"name":"wp","href":"https:\/\/api.w.org\/{rel}","templated":true}]}}